{"id":45,"date":"2015-02-27T18:49:01","date_gmt":"2015-02-27T18:49:01","guid":{"rendered":"http:\/\/www.relim.pl\/?page_id=45"},"modified":"2018-02-28T20:12:15","modified_gmt":"2018-02-28T20:12:15","slug":"kontakt","status":"publish","type":"page","link":"https:\/\/www.relim.pl\/","title":{"rendered":"Kontakt"},"content":{"rendered":"<p>[et_pb_section fullwidth=&#8221;off&#8221; specialty=&#8221;off&#8221;][et_pb_row][et_pb_column type=&#8221;4_4&#8243;][et_pb_text admin_label=&#8221;Text&#8221; background_layout=&#8221;light&#8221; text_orientation=&#8221;left&#8221;]<\/p>\n<h4 style=\"text-align: center;\">W\u0142a\u015bnie projektujemy now\u0105 wersj\u0119 strony&#8230;<\/h4>\n<p>[\/et_pb_text][\/et_pb_column][\/et_pb_row][\/et_pb_section][et_pb_section][et_pb_row][et_pb_column type=&#8221;2_3&#8243;][et_pb_contact_form admin_label=&#8221;Contact Form&#8221; captcha=&#8221;on&#8221; email=&#8221;info@relim.pl&#8221; title=&#8221;Napisz do nas&#8221; \/][\/et_pb_column][et_pb_column type=&#8221;1_3&#8243;][et_pb_text admin_label=&#8221;Text&#8221; background_layout=&#8221;light&#8221; text_orientation=&#8221;left&#8221;]<\/p>\n<p>&nbsp;<\/p>\n<p><strong>RELIM<\/strong><\/p>\n<p><strong>Dotacje \/ Projekty B+R \/ Innowacje<\/strong><\/p>\n<p>ul. Soroki 8\/1<\/p>\n<p>30-389 Krak\u00f3w<\/p>\n<p>tel: +48 501 109 655<\/p>\n<p>mail: info(at)relim.pl<\/p>\n<p>[\/et_pb_text][\/et_pb_column][\/et_pb_row][\/et_pb_section]<\/p>\n","protected":false},"excerpt":{"rendered":"<p>W\u0142a\u015bnie projektujemy now\u0105 wersj\u0119 strony&#8230; Napisz&#8230;<\/p>\n","protected":false},"author":1,"featured_media":0,"parent":0,"menu_order":0,"comment_status":"open","ping_status":"closed","template":"","meta":{"_et_pb_use_builder":"on","_et_pb_old_content":"","_et_gb_content_width":""},"_links":{"self":[{"href":"https:\/\/www.relim.pl\/index.php?rest_route=\/wp\/v2\/pages\/45"}],"collection":[{"href":"https:\/\/www.relim.pl\/index.php?rest_route=\/wp\/v2\/pages"}],"about":[{"href":"https:\/\/www.relim.pl\/index.php?rest_route=\/wp\/v2\/types\/page"}],"author":[{"embeddable":true,"href":"https:\/\/www.relim.pl\/index.php?rest_route=\/wp\/v2\/users\/1"}],"replies":[{"embeddable":true,"href":"https:\/\/www.relim.pl\/index.php?rest_route=%2Fwp%2Fv2%2Fcomments&post=45"}],"version-history":[{"count":3,"href":"https:\/\/www.relim.pl\/index.php?rest_route=\/wp\/v2\/pages\/45\/revisions"}],"predecessor-version":[{"id":50,"href":"https:\/\/www.relim.pl\/index.php?rest_route=\/wp\/v2\/pages\/45\/revisions\/50"}],"wp:attachment":[{"href":"https:\/\/www.relim.pl\/index.php?rest_route=%2Fwp%2Fv2%2Fmedia&parent=45"}],"curies":[{"name":"wp","href":"https:\/\/api.w.org\/{rel}","templated":true}]}}